{"id":1486,"date":"2024-02-26T20:22:33","date_gmt":"2024-02-26T20:22:33","guid":{"rendered":"https:\/\/www.litograficaargo.com.mx\/cms\/?page_id=1486"},"modified":"2024-02-26T20:46:08","modified_gmt":"2024-02-26T20:46:08","slug":"empaque","status":"publish","type":"page","link":"https:\/\/www.litograficaargo.com.mx\/cms\/empaque\/","title":{"rendered":"Empaque"},"content":{"rendered":"\t\t<div data-elementor-type=\"wp-page\" data-elementor-id=\"1486\" class=\"elementor elementor-1486\" data-elementor-post-type=\"page\">\n\t\t\t\t\t\t<section class=\"elementor-section elementor-top-section elementor-element elementor-element-44f777a elementor-section-boxed elementor-section-height-default elementor-section-height-default\" data-id=\"44f777a\" data-element_type=\"section\">\n\t\t\t\t\t\t<div class=\"elementor-container elementor-column-gap-default\">\n\t\t\t\t\t<div class=\"elementor-column elementor-col-100 elementor-top-column elementor-element elementor-element-59f2818\" data-id=\"59f2818\" data-element_type=\"column\">\n\t\t\t<div class=\"elementor-widget-wrap elementor-element-populated\">\n\t\t\t\t\t\t<div class=\"elementor-element elementor-element-ae58ced elementor-widget elementor-widget-heading\" data-id=\"ae58ced\" data-element_type=\"widget\" data-widget_type=\"heading.default\">\n\t\t\t\t<div class=\"elementor-widget-container\">\n\t\t\t\t\t<h2 class=\"elementor-heading-title elementor-size-default\"><br>Empaque<\/h2>\t\t\t\t<\/div>\n\t\t\t\t<\/div>\n\t\t\t\t\t<\/div>\n\t\t<\/div>\n\t\t\t\t\t<\/div>\n\t\t<\/section>\n\t\t\t\t<section class=\"elementor-section elementor-top-section elementor-element elementor-element-ded239b elementor-section-boxed elementor-section-height-default elementor-section-height-default\" data-id=\"ded239b\" data-element_type=\"section\">\n\t\t\t\t\t\t<div class=\"elementor-container elementor-column-gap-default\">\n\t\t\t\t\t<div class=\"elementor-column elementor-col-33 elementor-top-column elementor-element elementor-element-e13e221\" data-id=\"e13e221\" data-element_type=\"column\" data-settings=\"{&quot;background_background&quot;:&quot;classic&quot;}\">\n\t\t\t<div class=\"elementor-widget-wrap elementor-element-populated\">\n\t\t\t\t\t\t<div class=\"elementor-element elementor-element-abb6a35 elementor-widget__width-inherit elementor-widget elementor-widget-heading\" data-id=\"abb6a35\" data-element_type=\"widget\" data-widget_type=\"heading.default\">\n\t\t\t\t<div class=\"elementor-widget-container\">\n\t\t\t\t\t<h2 class=\"elementor-heading-title elementor-size-default\">Caja plegadiza<\/h2>\t\t\t\t<\/div>\n\t\t\t\t<\/div>\n\t\t\t\t<div class=\"elementor-element elementor-element-f77fac7 elementor-widget__width-inherit elementor-widget elementor-widget-image\" data-id=\"f77fac7\" data-element_type=\"widget\" data-widget_type=\"image.default\">\n\t\t\t\t<div class=\"elementor-widget-container\">\n\t\t\t\t\t\t\t\t\t\t\t\t\t\t\t<img fetchpriority=\"high\" decoding=\"async\" width=\"856\" height=\"572\" src=\"https:\/\/www.litograficaargo.com.mx\/cms\/wp-content\/uploads\/2024\/02\/cajas-plegadizas.png\" class=\"attachment-large size-large wp-image-1371\" alt=\"\" srcset=\"https:\/\/www.litograficaargo.com.mx\/cms\/wp-content\/uploads\/2024\/02\/cajas-plegadizas.png 856w, https:\/\/www.litograficaargo.com.mx\/cms\/wp-content\/uploads\/2024\/02\/cajas-plegadizas-300x200.png 300w, https:\/\/www.litograficaargo.com.mx\/cms\/wp-content\/uploads\/2024\/02\/cajas-plegadizas-768x513.png 768w, https:\/\/www.litograficaargo.com.mx\/cms\/wp-content\/uploads\/2024\/02\/cajas-plegadizas-20x13.png 20w\" sizes=\"(max-width: 856px) 100vw, 856px\" \/>\t\t\t\t\t\t\t\t\t\t\t\t\t\t\t<\/div>\n\t\t\t\t<\/div>\n\t\t\t\t<div class=\"elementor-element elementor-element-724a308 elementor-widget elementor-widget-text-editor\" data-id=\"724a308\" data-element_type=\"widget\" data-widget_type=\"text-editor.default\">\n\t\t\t\t<div class=\"elementor-widget-container\">\n\t\t\t\t\t\t\t\t\t<p>Ideal para guardar, conservar y trasladar tu mercanc\u00eda de un punto de venta a otro.<\/p>\t\t\t\t\t\t\t\t<\/div>\n\t\t\t\t<\/div>\n\t\t\t\t\t<\/div>\n\t\t<\/div>\n\t\t\t\t<div class=\"elementor-column elementor-col-33 elementor-top-column elementor-element elementor-element-b736fe5\" data-id=\"b736fe5\" data-element_type=\"column\" data-settings=\"{&quot;background_background&quot;:&quot;classic&quot;}\">\n\t\t\t<div class=\"elementor-widget-wrap elementor-element-populated\">\n\t\t\t\t\t\t<div class=\"elementor-element elementor-element-d2f55ea elementor-widget__width-inherit elementor-widget elementor-widget-heading\" data-id=\"d2f55ea\" data-element_type=\"widget\" data-widget_type=\"heading.default\">\n\t\t\t\t<div class=\"elementor-widget-container\">\n\t\t\t\t\t<h2 class=\"elementor-heading-title elementor-size-default\">Empaques corrugados<\/h2>\t\t\t\t<\/div>\n\t\t\t\t<\/div>\n\t\t\t\t<div class=\"elementor-element elementor-element-33f86ca elementor-widget__width-inherit elementor-widget elementor-widget-image\" data-id=\"33f86ca\" data-element_type=\"widget\" data-widget_type=\"image.default\">\n\t\t\t\t<div class=\"elementor-widget-container\">\n\t\t\t\t\t\t\t\t\t\t\t\t\t\t\t<img decoding=\"async\" width=\"858\" height=\"572\" src=\"https:\/\/www.litograficaargo.com.mx\/cms\/wp-content\/uploads\/2024\/02\/empaque-corrugado.png\" class=\"attachment-large size-large wp-image-1372\" alt=\"empaques corrugados\" srcset=\"https:\/\/www.litograficaargo.com.mx\/cms\/wp-content\/uploads\/2024\/02\/empaque-corrugado.png 858w, https:\/\/www.litograficaargo.com.mx\/cms\/wp-content\/uploads\/2024\/02\/empaque-corrugado-300x200.png 300w, https:\/\/www.litograficaargo.com.mx\/cms\/wp-content\/uploads\/2024\/02\/empaque-corrugado-768x512.png 768w, https:\/\/www.litograficaargo.com.mx\/cms\/wp-content\/uploads\/2024\/02\/empaque-corrugado-20x13.png 20w\" sizes=\"(max-width: 858px) 100vw, 858px\" \/>\t\t\t\t\t\t\t\t\t\t\t\t\t\t\t<\/div>\n\t\t\t\t<\/div>\n\t\t\t\t<div class=\"elementor-element elementor-element-65a7db3 elementor-widget elementor-widget-text-editor\" data-id=\"65a7db3\" data-element_type=\"widget\" data-widget_type=\"text-editor.default\">\n\t\t\t\t<div class=\"elementor-widget-container\">\n\t\t\t\t\t\t\t\t\t<p>Elaborado especialmente para las necesidades de tu producto, y garantizando una buena presencia en el punto de venta.<\/p>\t\t\t\t\t\t\t\t<\/div>\n\t\t\t\t<\/div>\n\t\t\t\t\t<\/div>\n\t\t<\/div>\n\t\t\t\t<div class=\"elementor-column elementor-col-33 elementor-top-column elementor-element elementor-element-c599bf8\" data-id=\"c599bf8\" data-element_type=\"column\" data-settings=\"{&quot;background_background&quot;:&quot;classic&quot;}\">\n\t\t\t<div class=\"elementor-widget-wrap elementor-element-populated\">\n\t\t\t\t\t\t<div class=\"elementor-element elementor-element-6b36eea elementor-widget__width-inherit elementor-widget elementor-widget-heading\" data-id=\"6b36eea\" data-element_type=\"widget\" data-widget_type=\"heading.default\">\n\t\t\t\t<div class=\"elementor-widget-container\">\n\t\t\t\t\t<h2 class=\"elementor-heading-title elementor-size-default\">Etiquetas adhesivas<\/h2>\t\t\t\t<\/div>\n\t\t\t\t<\/div>\n\t\t\t\t<div class=\"elementor-element elementor-element-7ace761 elementor-widget__width-inherit elementor-widget elementor-widget-image\" data-id=\"7ace761\" data-element_type=\"widget\" data-widget_type=\"image.default\">\n\t\t\t\t<div class=\"elementor-widget-container\">\n\t\t\t\t\t\t\t\t\t\t\t\t\t\t\t<img decoding=\"async\" width=\"841\" height=\"562\" src=\"https:\/\/www.litograficaargo.com.mx\/cms\/wp-content\/uploads\/2024\/01\/etiquetas.png\" class=\"attachment-large size-large wp-image-1174\" alt=\"etiquetas\" srcset=\"https:\/\/www.litograficaargo.com.mx\/cms\/wp-content\/uploads\/2024\/01\/etiquetas.png 841w, https:\/\/www.litograficaargo.com.mx\/cms\/wp-content\/uploads\/2024\/01\/etiquetas-300x200.png 300w, https:\/\/www.litograficaargo.com.mx\/cms\/wp-content\/uploads\/2024\/01\/etiquetas-768x513.png 768w, https:\/\/www.litograficaargo.com.mx\/cms\/wp-content\/uploads\/2024\/01\/etiquetas-20x13.png 20w\" sizes=\"(max-width: 841px) 100vw, 841px\" \/>\t\t\t\t\t\t\t\t\t\t\t\t\t\t\t<\/div>\n\t\t\t\t<\/div>\n\t\t\t\t<div class=\"elementor-element elementor-element-b446e44 elementor-widget elementor-widget-text-editor\" data-id=\"b446e44\" data-element_type=\"widget\" data-widget_type=\"text-editor.default\">\n\t\t\t\t<div class=\"elementor-widget-container\">\n\t\t\t\t\t\t\t\t\t<p>Creamos etiquetas hoja extendida con tu logo, dise\u00f1o y detalles espec\u00edficos, lo que te ayuda a reforzar la marca.<\/p>\t\t\t\t\t\t\t\t<\/div>\n\t\t\t\t<\/div>\n\t\t\t\t\t<\/div>\n\t\t<\/div>\n\t\t\t\t\t<\/div>\n\t\t<\/section>\n\t\t\t\t<section class=\"elementor-section elementor-top-section elementor-element elementor-element-187a848 elementor-section-boxed elementor-section-height-default elementor-section-height-default\" data-id=\"187a848\" data-element_type=\"section\">\n\t\t\t\t\t\t<div class=\"elementor-container elementor-column-gap-default\">\n\t\t\t\t\t<div class=\"elementor-column elementor-col-33 elementor-top-column elementor-element elementor-element-e62a8d0\" data-id=\"e62a8d0\" data-element_type=\"column\">\n\t\t\t<div class=\"elementor-widget-wrap elementor-element-populated\">\n\t\t\t\t\t\t<div class=\"elementor-element elementor-element-a552fbd elementor-align-center elementor-widget elementor-widget-button\" data-id=\"a552fbd\" data-element_type=\"widget\" data-widget_type=\"button.default\">\n\t\t\t\t<div class=\"elementor-widget-container\">\n\t\t\t\t\t\t\t\t\t<div class=\"elementor-button-wrapper\">\n\t\t\t\t\t<a class=\"elementor-button elementor-button-link elementor-size-sm\" href=\"https:\/\/www.litograficaargo.com.mx\/cms\/cotizacion\/\">\n\t\t\t\t\t\t<span class=\"elementor-button-content-wrapper\">\n\t\t\t\t\t\t\t\t\t<span class=\"elementor-button-text\">Solicita cotizaci\u00f3n<\/span>\n\t\t\t\t\t<\/span>\n\t\t\t\t\t<\/a>\n\t\t\t\t<\/div>\n\t\t\t\t\t\t\t\t<\/div>\n\t\t\t\t<\/div>\n\t\t\t\t\t<\/div>\n\t\t<\/div>\n\t\t\t\t<div class=\"elementor-column elementor-col-33 elementor-top-column elementor-element elementor-element-28bbbc3\" data-id=\"28bbbc3\" data-element_type=\"column\">\n\t\t\t<div class=\"elementor-widget-wrap elementor-element-populated\">\n\t\t\t\t\t\t<div class=\"elementor-element elementor-element-83e14b5 elementor-align-center elementor-widget elementor-widget-button\" data-id=\"83e14b5\" data-element_type=\"widget\" data-widget_type=\"button.default\">\n\t\t\t\t<div class=\"elementor-widget-container\">\n\t\t\t\t\t\t\t\t\t<div class=\"elementor-button-wrapper\">\n\t\t\t\t\t<a class=\"elementor-button elementor-button-link elementor-size-sm\" href=\"https:\/\/www.litograficaargo.com.mx\/cms\/cotizacion\/\">\n\t\t\t\t\t\t<span class=\"elementor-button-content-wrapper\">\n\t\t\t\t\t\t\t\t\t<span class=\"elementor-button-text\">Solicita cotizaci\u00f3n<\/span>\n\t\t\t\t\t<\/span>\n\t\t\t\t\t<\/a>\n\t\t\t\t<\/div>\n\t\t\t\t\t\t\t\t<\/div>\n\t\t\t\t<\/div>\n\t\t\t\t\t<\/div>\n\t\t<\/div>\n\t\t\t\t<div class=\"elementor-column elementor-col-33 elementor-top-column elementor-element elementor-element-fcccbb6\" data-id=\"fcccbb6\" data-element_type=\"column\">\n\t\t\t<div class=\"elementor-widget-wrap elementor-element-populated\">\n\t\t\t\t\t\t<div class=\"elementor-element elementor-element-27f54a2 elementor-align-center elementor-widget elementor-widget-button\" data-id=\"27f54a2\" data-element_type=\"widget\" data-widget_type=\"button.default\">\n\t\t\t\t<div class=\"elementor-widget-container\">\n\t\t\t\t\t\t\t\t\t<div class=\"elementor-button-wrapper\">\n\t\t\t\t\t<a class=\"elementor-button elementor-button-link elementor-size-sm\" href=\"https:\/\/www.litograficaargo.com.mx\/cms\/cotizacion\/\">\n\t\t\t\t\t\t<span class=\"elementor-button-content-wrapper\">\n\t\t\t\t\t\t\t\t\t<span class=\"elementor-button-text\">Solicita cotizaci\u00f3n<\/span>\n\t\t\t\t\t<\/span>\n\t\t\t\t\t<\/a>\n\t\t\t\t<\/div>\n\t\t\t\t\t\t\t\t<\/div>\n\t\t\t\t<\/div>\n\t\t\t\t\t<\/div>\n\t\t<\/div>\n\t\t\t\t\t<\/div>\n\t\t<\/section>\n\t\t\t\t<section class=\"elementor-section elementor-top-section elementor-element elementor-element-77718ab elementor-section-boxed elementor-section-height-default elementor-section-height-default\" data-id=\"77718ab\" data-element_type=\"section\">\n\t\t\t\t\t\t<div class=\"elementor-container elementor-column-gap-default\">\n\t\t\t\t\t<div class=\"elementor-column elementor-col-100 elementor-top-column elementor-element elementor-element-3fa6a83\" data-id=\"3fa6a83\" data-element_type=\"column\">\n\t\t\t<div class=\"elementor-widget-wrap\">\n\t\t\t\t\t\t\t<\/div>\n\t\t<\/div>\n\t\t\t\t\t<\/div>\n\t\t<\/section>\n\t\t\t\t<\/div>\n\t\t","protected":false},"excerpt":{"rendered":"<p>Empaque Caja plegadiza Ideal para guardar, conservar y trasladar tu mercanc\u00eda de un punto de venta a otro. Empaques corrugados Elaborado especialmente para las necesidades de tu producto, y garantizando una buena presencia en el punto de venta. Etiquetas adhesivas Creamos etiquetas hoja extendida con tu logo, dise\u00f1o y detalles espec\u00edficos, lo que te ayuda&hellip;&nbsp;<a href=\"https:\/\/www.litograficaargo.com.mx\/cms\/empaque\/\" rel=\"bookmark\">Leer m\u00e1s &raquo;<span class=\"screen-reader-text\">Empaque<\/span><\/a><\/p>\n","protected":false},"author":1,"featured_media":0,"parent":0,"menu_order":0,"comment_status":"closed","ping_status":"closed","template":"page-templates\/template-pagebuilder-full-width.php","meta":{"neve_meta_sidebar":"","neve_meta_container":"","neve_meta_enable_content_width":"","neve_meta_content_width":0,"neve_meta_title_alignment":"","neve_meta_author_avatar":"","neve_post_elements_order":"","neve_meta_disable_header":"","neve_meta_disable_footer":"","neve_meta_disable_title":"","footnotes":""},"class_list":["post-1486","page","type-page","status-publish","hentry"],"yoast_head":"<!-- This site is optimized with the Yoast SEO plugin v26.7 - https:\/\/yoast.com\/wordpress\/plugins\/seo\/ -->\n<title>Empaque - Litografica ARGO<\/title>\n<meta name=\"robots\" content=\"index, follow, max-snippet:-1, max-image-preview:large, max-video-preview:-1\" \/>\n<link rel=\"canonical\" href=\"https:\/\/www.litograficaargo.com.mx\/cms\/empaque\/\" \/>\n<meta property=\"og:locale\" content=\"es_ES\" \/>\n<meta property=\"og:type\" content=\"article\" \/>\n<meta property=\"og:title\" content=\"Empaque - Litografica ARGO\" \/>\n<meta property=\"og:description\" content=\"Empaque Caja plegadiza Ideal para guardar, conservar y trasladar tu mercanc\u00eda de un punto de venta a otro. Empaques corrugados Elaborado especialmente para las necesidades de tu producto, y garantizando una buena presencia en el punto de venta. Etiquetas adhesivas Creamos etiquetas hoja extendida con tu logo, dise\u00f1o y detalles espec\u00edficos, lo que te ayuda&hellip;&nbsp;Leer m\u00e1s &raquo;Empaque\" \/>\n<meta property=\"og:url\" content=\"https:\/\/www.litograficaargo.com.mx\/cms\/empaque\/\" \/>\n<meta property=\"og:site_name\" content=\"Litografica ARGO\" \/>\n<meta property=\"article:modified_time\" content=\"2024-02-26T20:46:08+00:00\" \/>\n<meta property=\"og:image\" content=\"https:\/\/www.litograficaargo.com.mx\/cms\/wp-content\/uploads\/2024\/02\/cajas-plegadizas.png\" \/>\n<meta name=\"twitter:card\" content=\"summary_large_image\" \/>\n<meta name=\"twitter:label1\" content=\"Tiempo de lectura\" \/>\n\t<meta name=\"twitter:data1\" content=\"1 minuto\" \/>\n<script type=\"application\/ld+json\" class=\"yoast-schema-graph\">{\"@context\":\"https:\/\/schema.org\",\"@graph\":[{\"@type\":\"WebPage\",\"@id\":\"https:\/\/www.litograficaargo.com.mx\/cms\/empaque\/\",\"url\":\"https:\/\/www.litograficaargo.com.mx\/cms\/empaque\/\",\"name\":\"Empaque - Litografica ARGO\",\"isPartOf\":{\"@id\":\"https:\/\/www.litograficaargo.com.mx\/cms\/#website\"},\"primaryImageOfPage\":{\"@id\":\"https:\/\/www.litograficaargo.com.mx\/cms\/empaque\/#primaryimage\"},\"image\":{\"@id\":\"https:\/\/www.litograficaargo.com.mx\/cms\/empaque\/#primaryimage\"},\"thumbnailUrl\":\"https:\/\/www.litograficaargo.com.mx\/cms\/wp-content\/uploads\/2024\/02\/cajas-plegadizas.png\",\"datePublished\":\"2024-02-26T20:22:33+00:00\",\"dateModified\":\"2024-02-26T20:46:08+00:00\",\"breadcrumb\":{\"@id\":\"https:\/\/www.litograficaargo.com.mx\/cms\/empaque\/#breadcrumb\"},\"inLanguage\":\"es\",\"potentialAction\":[{\"@type\":\"ReadAction\",\"target\":[\"https:\/\/www.litograficaargo.com.mx\/cms\/empaque\/\"]}]},{\"@type\":\"ImageObject\",\"inLanguage\":\"es\",\"@id\":\"https:\/\/www.litograficaargo.com.mx\/cms\/empaque\/#primaryimage\",\"url\":\"https:\/\/www.litograficaargo.com.mx\/cms\/wp-content\/uploads\/2024\/02\/cajas-plegadizas.png\",\"contentUrl\":\"https:\/\/www.litograficaargo.com.mx\/cms\/wp-content\/uploads\/2024\/02\/cajas-plegadizas.png\",\"width\":856,\"height\":572},{\"@type\":\"BreadcrumbList\",\"@id\":\"https:\/\/www.litograficaargo.com.mx\/cms\/empaque\/#breadcrumb\",\"itemListElement\":[{\"@type\":\"ListItem\",\"position\":1,\"name\":\"Portada\",\"item\":\"https:\/\/www.litograficaargo.com.mx\/cms\/\"},{\"@type\":\"ListItem\",\"position\":2,\"name\":\"Empaque\"}]},{\"@type\":\"WebSite\",\"@id\":\"https:\/\/www.litograficaargo.com.mx\/cms\/#website\",\"url\":\"https:\/\/www.litograficaargo.com.mx\/cms\/\",\"name\":\"Litografica ARGO\",\"description\":\"Excelencia Litogr\u00e1fica\",\"publisher\":{\"@id\":\"https:\/\/www.litograficaargo.com.mx\/cms\/#organization\"},\"potentialAction\":[{\"@type\":\"SearchAction\",\"target\":{\"@type\":\"EntryPoint\",\"urlTemplate\":\"https:\/\/www.litograficaargo.com.mx\/cms\/?s={search_term_string}\"},\"query-input\":{\"@type\":\"PropertyValueSpecification\",\"valueRequired\":true,\"valueName\":\"search_term_string\"}}],\"inLanguage\":\"es\"},{\"@type\":\"Organization\",\"@id\":\"https:\/\/www.litograficaargo.com.mx\/cms\/#organization\",\"name\":\"Litografica ARGO\",\"url\":\"https:\/\/www.litograficaargo.com.mx\/cms\/\",\"logo\":{\"@type\":\"ImageObject\",\"inLanguage\":\"es\",\"@id\":\"https:\/\/www.litograficaargo.com.mx\/cms\/#\/schema\/logo\/image\/\",\"url\":\"https:\/\/www.litograficaargo.com.mx\/cms\/wp-content\/uploads\/2023\/08\/Captura-de-Pantalla-2023-08-14-a-las-17.17.45.png\",\"contentUrl\":\"https:\/\/www.litograficaargo.com.mx\/cms\/wp-content\/uploads\/2023\/08\/Captura-de-Pantalla-2023-08-14-a-las-17.17.45.png\",\"width\":548,\"height\":184,\"caption\":\"Litografica ARGO\"},\"image\":{\"@id\":\"https:\/\/www.litograficaargo.com.mx\/cms\/#\/schema\/logo\/image\/\"}}]}<\/script>\n<!-- \/ Yoast SEO plugin. -->","yoast_head_json":{"title":"Empaque - Litografica ARGO","robots":{"index":"index","follow":"follow","max-snippet":"max-snippet:-1","max-image-preview":"max-image-preview:large","max-video-preview":"max-video-preview:-1"},"canonical":"https:\/\/www.litograficaargo.com.mx\/cms\/empaque\/","og_locale":"es_ES","og_type":"article","og_title":"Empaque - Litografica ARGO","og_description":"Empaque Caja plegadiza Ideal para guardar, conservar y trasladar tu mercanc\u00eda de un punto de venta a otro. Empaques corrugados Elaborado especialmente para las necesidades de tu producto, y garantizando una buena presencia en el punto de venta. Etiquetas adhesivas Creamos etiquetas hoja extendida con tu logo, dise\u00f1o y detalles espec\u00edficos, lo que te ayuda&hellip;&nbsp;Leer m\u00e1s &raquo;Empaque","og_url":"https:\/\/www.litograficaargo.com.mx\/cms\/empaque\/","og_site_name":"Litografica ARGO","article_modified_time":"2024-02-26T20:46:08+00:00","og_image":[{"url":"https:\/\/www.litograficaargo.com.mx\/cms\/wp-content\/uploads\/2024\/02\/cajas-plegadizas.png","type":"","width":"","height":""}],"twitter_card":"summary_large_image","twitter_misc":{"Tiempo de lectura":"1 minuto"},"schema":{"@context":"https:\/\/schema.org","@graph":[{"@type":"WebPage","@id":"https:\/\/www.litograficaargo.com.mx\/cms\/empaque\/","url":"https:\/\/www.litograficaargo.com.mx\/cms\/empaque\/","name":"Empaque - Litografica ARGO","isPartOf":{"@id":"https:\/\/www.litograficaargo.com.mx\/cms\/#website"},"primaryImageOfPage":{"@id":"https:\/\/www.litograficaargo.com.mx\/cms\/empaque\/#primaryimage"},"image":{"@id":"https:\/\/www.litograficaargo.com.mx\/cms\/empaque\/#primaryimage"},"thumbnailUrl":"https:\/\/www.litograficaargo.com.mx\/cms\/wp-content\/uploads\/2024\/02\/cajas-plegadizas.png","datePublished":"2024-02-26T20:22:33+00:00","dateModified":"2024-02-26T20:46:08+00:00","breadcrumb":{"@id":"https:\/\/www.litograficaargo.com.mx\/cms\/empaque\/#breadcrumb"},"inLanguage":"es","potentialAction":[{"@type":"ReadAction","target":["https:\/\/www.litograficaargo.com.mx\/cms\/empaque\/"]}]},{"@type":"ImageObject","inLanguage":"es","@id":"https:\/\/www.litograficaargo.com.mx\/cms\/empaque\/#primaryimage","url":"https:\/\/www.litograficaargo.com.mx\/cms\/wp-content\/uploads\/2024\/02\/cajas-plegadizas.png","contentUrl":"https:\/\/www.litograficaargo.com.mx\/cms\/wp-content\/uploads\/2024\/02\/cajas-plegadizas.png","width":856,"height":572},{"@type":"BreadcrumbList","@id":"https:\/\/www.litograficaargo.com.mx\/cms\/empaque\/#breadcrumb","itemListElement":[{"@type":"ListItem","position":1,"name":"Portada","item":"https:\/\/www.litograficaargo.com.mx\/cms\/"},{"@type":"ListItem","position":2,"name":"Empaque"}]},{"@type":"WebSite","@id":"https:\/\/www.litograficaargo.com.mx\/cms\/#website","url":"https:\/\/www.litograficaargo.com.mx\/cms\/","name":"Litografica ARGO","description":"Excelencia Litogr\u00e1fica","publisher":{"@id":"https:\/\/www.litograficaargo.com.mx\/cms\/#organization"},"potentialAction":[{"@type":"SearchAction","target":{"@type":"EntryPoint","urlTemplate":"https:\/\/www.litograficaargo.com.mx\/cms\/?s={search_term_string}"},"query-input":{"@type":"PropertyValueSpecification","valueRequired":true,"valueName":"search_term_string"}}],"inLanguage":"es"},{"@type":"Organization","@id":"https:\/\/www.litograficaargo.com.mx\/cms\/#organization","name":"Litografica ARGO","url":"https:\/\/www.litograficaargo.com.mx\/cms\/","logo":{"@type":"ImageObject","inLanguage":"es","@id":"https:\/\/www.litograficaargo.com.mx\/cms\/#\/schema\/logo\/image\/","url":"https:\/\/www.litograficaargo.com.mx\/cms\/wp-content\/uploads\/2023\/08\/Captura-de-Pantalla-2023-08-14-a-las-17.17.45.png","contentUrl":"https:\/\/www.litograficaargo.com.mx\/cms\/wp-content\/uploads\/2023\/08\/Captura-de-Pantalla-2023-08-14-a-las-17.17.45.png","width":548,"height":184,"caption":"Litografica ARGO"},"image":{"@id":"https:\/\/www.litograficaargo.com.mx\/cms\/#\/schema\/logo\/image\/"}}]}},"_links":{"self":[{"href":"https:\/\/www.litograficaargo.com.mx\/cms\/wp-json\/wp\/v2\/pages\/1486","targetHints":{"allow":["GET"]}}],"collection":[{"href":"https:\/\/www.litograficaargo.com.mx\/cms\/wp-json\/wp\/v2\/pages"}],"about":[{"href":"https:\/\/www.litograficaargo.com.mx\/cms\/wp-json\/wp\/v2\/types\/page"}],"author":[{"embeddable":true,"href":"https:\/\/www.litograficaargo.com.mx\/cms\/wp-json\/wp\/v2\/users\/1"}],"replies":[{"embeddable":true,"href":"https:\/\/www.litograficaargo.com.mx\/cms\/wp-json\/wp\/v2\/comments?post=1486"}],"version-history":[{"count":10,"href":"https:\/\/www.litograficaargo.com.mx\/cms\/wp-json\/wp\/v2\/pages\/1486\/revisions"}],"predecessor-version":[{"id":1516,"href":"https:\/\/www.litograficaargo.com.mx\/cms\/wp-json\/wp\/v2\/pages\/1486\/revisions\/1516"}],"wp:attachment":[{"href":"https:\/\/www.litograficaargo.com.mx\/cms\/wp-json\/wp\/v2\/media?parent=1486"}],"curies":[{"name":"wp","href":"https:\/\/api.w.org\/{rel}","templated":true}]}}